{"id":9,"date":"2023-10-12T05:39:28","date_gmt":"2023-10-12T09:39:28","guid":{"rendered":"https:\/\/e10958b03f.nxcli.io\/?page_id=9"},"modified":"2023-10-12T22:24:23","modified_gmt":"2023-10-13T02:24:23","slug":"refund_returns","status":"publish","type":"page","link":"https:\/\/e10958b03f.nxcli.io\/es\/refund_returns\/","title":{"rendered":"Rembolsos y Devoluciones"},"content":{"rendered":"<p>DEVOLUCIONES<strong> \/ CAMBIOS<\/strong><\/p><p>Debido a preocupaciones de salud causadas por el COVID-19, nuestra pol\u00edtica de intercambio y\/o devoluci\u00f3n es la siguiente:<\/p><p>Los productos que est\u00e9n sin abrir y sin usar, sellados en su empaque original completo, con todas sus etiquetas y\/o etiquetas originales, son elegibles para recibir cr\u00e9dito en nuestra tienda en l\u00ednea si el cliente notifica su intenci\u00f3n de devoluci\u00f3n dentro de un per\u00edodo de cinco (5) d\u00edas desde la recepci\u00f3n del producto. El cliente debe escribirnos a \ud83d\udce7\u00a0<a href=\"mailto:krystalos@live.com\">krystalos@live.com<\/a> o llamar al \ud83d\udcde\u00a0<a href=\"tel:17873415794\">+1 (787) 341-5794<\/a> ANTES de iniciar el proceso de intercambio o devoluci\u00f3n, para determinar si los productos en cuesti\u00f3n son elegibles.<\/p><p>Por razones de salud, NO aceptamos el intercambio o devoluci\u00f3n de productos abiertos, productos que est\u00e9n fuera de su empaque original o usados. Los productos sin su empaque original completo o sin sus etiquetas y\/o etiquetas originales tampoco son elegibles para intercambios o devoluciones.<\/p><p>NO se devuelve dinero. Solo se ofrece cr\u00e9dito en la tienda. Este cr\u00e9dito NO incluye los costos de env\u00edo. El cliente puede devolver el o los productos en cuesti\u00f3n en persona, o puede enviarlos por su cuenta. Para cualquier cambio, el env\u00edo del producto cambiado corre por cuenta del cliente, o puede hacer el cambio en persona. En caso de devoluci\u00f3n, el monto total del cr\u00e9dito se determinar\u00e1 al final del proceso y se entregar\u00e1 en forma de Tarjeta de Regalo digital para usar en nuestra tienda en l\u00ednea.<\/p><p>Las piezas en especiales o con descuento son venta final sin excepciones.<\/p><p><strong>PAQUETES PERDIDOS POR USPS \/ OTROS TRANSPORTISTAS<\/strong><\/p><p>En caso de paquetes perdidos por USPS, debe presentar una queja por paquete perdido con USPS ANTES de contactarnos. Puede hacerlo en este enlace:&nbsp;<a href=\"https:\/\/www.usps.com\/help\/missing-mail.htm\" target=\"_blank\" rel=\"noreferrer noopener\">https:\/\/www.usps.com\/help\/missing-mail.htm<\/a>.<\/p><p>En el caso de env\u00edos procesados a trav\u00e9s de otros transportistas, debe presentar la queja correspondiente con el transportista que eligi\u00f3 para enviar su pedido. Recuerde que, despu\u00e9s de que el paquete sale de nuestra ubicaci\u00f3n, el manejo es completamente responsabilidad de USPS o del transportista que haya elegido para enviar su pedido.<\/p><p>Si el paquete nos es devuelto debido a un error del cliente al escribir incorrectamente su direcci\u00f3n postal, el cliente deber\u00e1 pagar nuevamente el costo de env\u00edo para que se reenv\u00ede. Si el cliente se niega, se devolver\u00e1 el valor de los art\u00edculos comprados MENOS el valor del servicio de env\u00edo, ya que el servicio de env\u00edo se llev\u00f3 a cabo y no fue exitoso debido a un error del cliente.<\/p><p>Cont\u00e1ctenos a \ud83d\udce7\u00a0<a href=\"mailto:krystalos@live.com\">krystalos@live.com<\/a> o \ud83d\udcde\u00a0<a href=\"tel:17873415794\">+1 (787) 341-5794<\/a> para preguntas relacionadas con reembolsos y devoluciones.<\/p>","protected":false},"excerpt":{"rendered":"<p>RETURNS \/ EXCHANGES Due to health concerns caused by COVID-19, our exchange and\/or return policy is as follows: Unopened and unused products, sealed in their complete original packaging, with all their original tags and\/or labels, are eligible for credit in our online store if the customer notifies his or her intention to return within a [&hellip;]<\/p>","protected":false},"author":1,"featured_media":0,"parent":0,"menu_order":0,"comment_status":"closed","ping_status":"closed","template":"","meta":{"footnotes":""},"class_list":["post-9","page","type-page","status-publish","hentry"],"yoast_head":"<!-- This site is optimized with the Yoast SEO plugin v24.1 - https:\/\/yoast.com\/wordpress\/plugins\/seo\/ -->\n<title>Refund and Returns Policy - Krystalos<\/title>\n<meta name=\"robots\" content=\"index, follow, max-snippet:-1, max-image-preview:large, max-video-preview:-1\" \/>\n<link rel=\"canonical\" href=\"http:\/\/e10958b03f.nxcli.io\/es\/refund_returns\/\" \/>\n<meta property=\"og:locale\" content=\"es_ES\" \/>\n<meta property=\"og:type\" content=\"article\" \/>\n<meta property=\"og:title\" content=\"Refund and Returns Policy - Krystalos\" \/>\n<meta property=\"og:description\" content=\"RETURNS \/ EXCHANGES Due to health concerns caused by COVID-19, our exchange and\/or return policy is as follows: Unopened and unused products, sealed in their complete original packaging, with all their original tags and\/or labels, are eligible for credit in our online store if the customer notifies his or her intention to return within a [&hellip;]\" \/>\n<meta property=\"og:url\" content=\"http:\/\/e10958b03f.nxcli.io\/es\/refund_returns\/\" \/>\n<meta property=\"og:site_name\" content=\"Krystalos\" \/>\n<meta property=\"article:publisher\" content=\"https:\/\/www.facebook.com\/devozioni\/\" \/>\n<meta property=\"article:modified_time\" content=\"2023-10-13T02:24:23+00:00\" \/>\n<meta name=\"twitter:card\" content=\"summary_large_image\" \/>\n<meta name=\"twitter:site\" content=\"@krystalos\" \/>\n<meta name=\"twitter:label1\" content=\"Tiempo de lectura\" \/>\n\t<meta name=\"twitter:data1\" content=\"2 minutos\" \/>\n<script type=\"application\/ld+json\" class=\"yoast-schema-graph\">{\"@context\":\"https:\/\/schema.org\",\"@graph\":[{\"@type\":\"WebPage\",\"@id\":\"http:\/\/e10958b03f.nxcli.io\/en\/refund_returns\/\",\"url\":\"http:\/\/e10958b03f.nxcli.io\/en\/refund_returns\/\",\"name\":\"Refund and Returns Policy - Krystalos\",\"isPartOf\":{\"@id\":\"https:\/\/e10958b03f.nxcli.io\/es\/#website\"},\"datePublished\":\"2023-10-12T09:39:28+00:00\",\"dateModified\":\"2023-10-13T02:24:23+00:00\",\"breadcrumb\":{\"@id\":\"http:\/\/e10958b03f.nxcli.io\/en\/refund_returns\/#breadcrumb\"},\"inLanguage\":\"es\",\"potentialAction\":[{\"@type\":\"ReadAction\",\"target\":[\"http:\/\/e10958b03f.nxcli.io\/en\/refund_returns\/\"]}]},{\"@type\":\"BreadcrumbList\",\"@id\":\"http:\/\/e10958b03f.nxcli.io\/en\/refund_returns\/#breadcrumb\",\"itemListElement\":[{\"@type\":\"ListItem\",\"position\":1,\"name\":\"Home\",\"item\":\"https:\/\/e10958b03f.nxcli.io\/\"},{\"@type\":\"ListItem\",\"position\":2,\"name\":\"Refund and Returns Policy\"}]},{\"@type\":\"WebSite\",\"@id\":\"https:\/\/e10958b03f.nxcli.io\/es\/#website\",\"url\":\"https:\/\/e10958b03f.nxcli.io\/es\/\",\"name\":\"Krystalos\",\"description\":\"\",\"publisher\":{\"@id\":\"https:\/\/e10958b03f.nxcli.io\/es\/#organization\"},\"potentialAction\":[{\"@type\":\"SearchAction\",\"target\":{\"@type\":\"EntryPoint\",\"urlTemplate\":\"https:\/\/e10958b03f.nxcli.io\/es\/?s={search_term_string}\"},\"query-input\":{\"@type\":\"PropertyValueSpecification\",\"valueRequired\":true,\"valueName\":\"search_term_string\"}}],\"inLanguage\":\"es\"},{\"@type\":\"Organization\",\"@id\":\"https:\/\/e10958b03f.nxcli.io\/es\/#organization\",\"name\":\"Krystalos\",\"url\":\"https:\/\/e10958b03f.nxcli.io\/es\/\",\"logo\":{\"@type\":\"ImageObject\",\"inLanguage\":\"es\",\"@id\":\"https:\/\/e10958b03f.nxcli.io\/es\/#\/schema\/logo\/image\/\",\"url\":\"https:\/\/e10958b03f.nxcli.io\/wp-content\/uploads\/2023\/11\/Krystalos-Logo-NHF.png\",\"contentUrl\":\"https:\/\/e10958b03f.nxcli.io\/wp-content\/uploads\/2023\/11\/Krystalos-Logo-NHF.png\",\"width\":1060,\"height\":331,\"caption\":\"Krystalos\"},\"image\":{\"@id\":\"https:\/\/e10958b03f.nxcli.io\/es\/#\/schema\/logo\/image\/\"},\"sameAs\":[\"https:\/\/www.facebook.com\/devozioni\/\",\"https:\/\/x.com\/krystalos\",\"https:\/\/www.instagram.com\/devozioni\/\",\"https:\/\/www.catholicmarketing.com\/cvendor\/loc\/946464\/1\/devozioni-by-krystalos\",\"https:\/\/www.ewtnreligiouscatalogue.com\/Devozioni-by-Krystalos\",\"https:\/\/peterssquare.com\/shops\/devozioni-by-krystalos-store\/\",\"https:\/\/m.youtube.com\/watch?v=XNjuNNmO1To\",\"https:\/\/vimeo.com\/434198191\"]}]}<\/script>\n<!-- \/ Yoast SEO plugin. -->","yoast_head_json":{"title":"Refund and Returns Policy - Krystalos","robots":{"index":"index","follow":"follow","max-snippet":"max-snippet:-1","max-image-preview":"max-image-preview:large","max-video-preview":"max-video-preview:-1"},"canonical":"http:\/\/e10958b03f.nxcli.io\/es\/refund_returns\/","og_locale":"es_ES","og_type":"article","og_title":"Refund and Returns Policy - Krystalos","og_description":"RETURNS \/ EXCHANGES Due to health concerns caused by COVID-19, our exchange and\/or return policy is as follows: Unopened and unused products, sealed in their complete original packaging, with all their original tags and\/or labels, are eligible for credit in our online store if the customer notifies his or her intention to return within a [&hellip;]","og_url":"http:\/\/e10958b03f.nxcli.io\/es\/refund_returns\/","og_site_name":"Krystalos","article_publisher":"https:\/\/www.facebook.com\/devozioni\/","article_modified_time":"2023-10-13T02:24:23+00:00","twitter_card":"summary_large_image","twitter_site":"@krystalos","twitter_misc":{"Tiempo de lectura":"2 minutos"},"schema":{"@context":"https:\/\/schema.org","@graph":[{"@type":"WebPage","@id":"http:\/\/e10958b03f.nxcli.io\/en\/refund_returns\/","url":"http:\/\/e10958b03f.nxcli.io\/en\/refund_returns\/","name":"Refund and Returns Policy - Krystalos","isPartOf":{"@id":"https:\/\/e10958b03f.nxcli.io\/es\/#website"},"datePublished":"2023-10-12T09:39:28+00:00","dateModified":"2023-10-13T02:24:23+00:00","breadcrumb":{"@id":"http:\/\/e10958b03f.nxcli.io\/en\/refund_returns\/#breadcrumb"},"inLanguage":"es","potentialAction":[{"@type":"ReadAction","target":["http:\/\/e10958b03f.nxcli.io\/en\/refund_returns\/"]}]},{"@type":"BreadcrumbList","@id":"http:\/\/e10958b03f.nxcli.io\/en\/refund_returns\/#breadcrumb","itemListElement":[{"@type":"ListItem","position":1,"name":"Home","item":"https:\/\/e10958b03f.nxcli.io\/"},{"@type":"ListItem","position":2,"name":"Refund and Returns Policy"}]},{"@type":"WebSite","@id":"https:\/\/e10958b03f.nxcli.io\/es\/#website","url":"https:\/\/e10958b03f.nxcli.io\/es\/","name":"Krystalos","description":"","publisher":{"@id":"https:\/\/e10958b03f.nxcli.io\/es\/#organization"},"potentialAction":[{"@type":"SearchAction","target":{"@type":"EntryPoint","urlTemplate":"https:\/\/e10958b03f.nxcli.io\/es\/?s={search_term_string}"},"query-input":{"@type":"PropertyValueSpecification","valueRequired":true,"valueName":"search_term_string"}}],"inLanguage":"es"},{"@type":"Organization","@id":"https:\/\/e10958b03f.nxcli.io\/es\/#organization","name":"Krystalos","url":"https:\/\/e10958b03f.nxcli.io\/es\/","logo":{"@type":"ImageObject","inLanguage":"es","@id":"https:\/\/e10958b03f.nxcli.io\/es\/#\/schema\/logo\/image\/","url":"https:\/\/e10958b03f.nxcli.io\/wp-content\/uploads\/2023\/11\/Krystalos-Logo-NHF.png","contentUrl":"https:\/\/e10958b03f.nxcli.io\/wp-content\/uploads\/2023\/11\/Krystalos-Logo-NHF.png","width":1060,"height":331,"caption":"Krystalos"},"image":{"@id":"https:\/\/e10958b03f.nxcli.io\/es\/#\/schema\/logo\/image\/"},"sameAs":["https:\/\/www.facebook.com\/devozioni\/","https:\/\/x.com\/krystalos","https:\/\/www.instagram.com\/devozioni\/","https:\/\/www.catholicmarketing.com\/cvendor\/loc\/946464\/1\/devozioni-by-krystalos","https:\/\/www.ewtnreligiouscatalogue.com\/Devozioni-by-Krystalos","https:\/\/peterssquare.com\/shops\/devozioni-by-krystalos-store\/","https:\/\/m.youtube.com\/watch?v=XNjuNNmO1To","https:\/\/vimeo.com\/434198191"]}]}},"jetpack_sharing_enabled":true,"_links":{"self":[{"href":"https:\/\/e10958b03f.nxcli.io\/es\/wp-json\/wp\/v2\/pages\/9","targetHints":{"allow":["GET"]}}],"collection":[{"href":"https:\/\/e10958b03f.nxcli.io\/es\/wp-json\/wp\/v2\/pages"}],"about":[{"href":"https:\/\/e10958b03f.nxcli.io\/es\/wp-json\/wp\/v2\/types\/page"}],"author":[{"embeddable":true,"href":"https:\/\/e10958b03f.nxcli.io\/es\/wp-json\/wp\/v2\/users\/1"}],"replies":[{"embeddable":true,"href":"https:\/\/e10958b03f.nxcli.io\/es\/wp-json\/wp\/v2\/comments?post=9"}],"version-history":[{"count":2,"href":"https:\/\/e10958b03f.nxcli.io\/es\/wp-json\/wp\/v2\/pages\/9\/revisions"}],"predecessor-version":[{"id":345,"href":"https:\/\/e10958b03f.nxcli.io\/es\/wp-json\/wp\/v2\/pages\/9\/revisions\/345"}],"wp:attachment":[{"href":"https:\/\/e10958b03f.nxcli.io\/es\/wp-json\/wp\/v2\/media?parent=9"}],"curies":[{"name":"wp","href":"https:\/\/api.w.org\/{rel}","templated":true}]}}