{"id":3,"date":"2023-08-28T18:34:14","date_gmt":"2023-08-28T18:34:14","guid":{"rendered":"https:\/\/e10958b03f.nxcli.io\/?page_id=3"},"modified":"2024-04-27T14:43:45","modified_gmt":"2024-04-27T18:43:45","slug":"privacy-policy","status":"publish","type":"page","link":"https:\/\/e10958b03f.nxcli.io\/es\/privacy-policy\/","title":{"rendered":"Pol\u00edtica de Privacidad"},"content":{"rendered":"<\/p><p><strong>SECCI\u00d3N 1 &#8211; \u00bfQU\u00c9 HACEMOS CON SU INFORMACI\u00d3N?<\/strong><\/p><p>Cuando compra algo de nuestra tienda, como parte del proceso de compra y venta, recopilamos la informaci\u00f3n personal que nos proporciona, como su nombre, direcci\u00f3n y correo electr\u00f3nico.<\/p><p>Cuando navega por nuestra tienda, tambi\u00e9n recibimos autom\u00e1ticamente la direcci\u00f3n de protocolo de internet (IP) de su computadora para proporcionarnos informaci\u00f3n que nos ayuda a aprender sobre su navegador y sistema operativo.<\/p><p><strong>SECCI\u00d3N 2 &#8211; CONSENTIMIENTO<\/strong><\/p><p><em><strong>\u00bfC\u00f3mo obtenemos su consentimiento?<\/strong><\/em><\/p><p>Cuando nos proporciona informaci\u00f3n personal para completar una transacci\u00f3n, verificar su tarjeta de cr\u00e9dito, realizar un pedido, organizar una entrega o devolver una compra, entendemos que nos da su consentimiento para que recopilemos y utilicemos su informaci\u00f3n para ese motivo espec\u00edfico solamente. Si solicitamos su informaci\u00f3n personal por un motivo secundario, como el marketing, le pediremos directamente su consentimiento expreso o le proporcionaremos una oportunidad para decir que no.<\/p><p><strong><em>\u00bfC\u00f3mo puedo retirar mi consentimiento?<\/em><\/strong><\/p><p>Si despu\u00e9s de optar por participar cambia de opini\u00f3n, puede retirar su consentimiento para que nos pongamos en contacto con usted, para la continuaci\u00f3n de la recopilaci\u00f3n, uso o divulgaci\u00f3n de su informaci\u00f3n, en cualquier momento, poni\u00e9ndose en contacto con nosotros en <a>krystalos@live.com<\/a> o envi\u00e1ndonos una carta a: Krystalos 700 C\/ Piedras Negras #2304, San Juan, PR, 00926, Estados Unidos.<\/p><p>Marketing por correo electr\u00f3nico (si aplica): Con su permiso, podr\u00edamos enviarle correos electr\u00f3nicos sobre nuestra tienda, nuevos productos y otras actualizaciones.<\/p><p><strong>SECCI\u00d3N 3 &#8211; DIVULGACI\u00d3N<\/strong><\/p><p>Podemos divulgar su informaci\u00f3n personal si la ley nos obliga a hacerlo o si usted viola nuestros T\u00e9rminos de Servicio.<\/p><p><strong>SECCI\u00d3N 4 &#8211; WORDPRESS CON WOOCOMMERCE EN NEXCESS<\/strong><\/p><p>Nuestra tienda est\u00e1 alojada en una plataforma WordPress WooCommerce en NEXCESS. Ellos nos proporcionan una plataforma de comercio electr\u00f3nico en l\u00ednea que nos permite vender nuestros productos y servicios a usted. Sus datos se almacenan a trav\u00e9s del almacenamiento de datos de NEXCESS, sus bases de datos y la aplicaci\u00f3n general de WordPress WooCommerce. Ellos almacenan sus datos en un servidor seguro detr\u00e1s de un cortafuegos.<\/p><p><strong><em>Pago:<\/em><\/strong><\/p><p>Si elige una pasarela de pago directo para completar su compra, entonces WooCommerce almacena los datos de su tarjeta de cr\u00e9dito. Estos se cifran mediante el Est\u00e1ndar de Seguridad de Datos para la Industria de Tarjetas de Pago (PCI-DSS). Los datos de su transacci\u00f3n de compra se almacenan solo el tiempo necesario para completar su transacci\u00f3n de compra. Una vez completada, la informaci\u00f3n de su transacci\u00f3n de compra se elimina.<\/p><p>Todas las pasarelas de pago directo cumplen con los est\u00e1ndares establecidos por PCI-DSS, gestionados por el Consejo de Normas de Seguridad PCI, que es un esfuerzo conjunto de marcas como Visa, MasterCard, American Express y Discover.<\/p><p>Los requisitos de PCI-DSS ayudan a garantizar el manejo seguro de la informaci\u00f3n de tarjetas de cr\u00e9dito por parte de nuestra tienda y sus proveedores de servicios.<\/p><p>Para obtener m\u00e1s informaci\u00f3n, tambi\u00e9n puede leer las Pol\u00edticas de WooCommerce aqu\u00ed.<\/p><p><strong>SECCI\u00d3N 5 &#8211; SERVICIOS DE TERCEROS<\/strong><\/p><p>En general, los proveedores de terceros utilizados por nosotros solo recopilar\u00e1n, usar\u00e1n y divulgar\u00e1n su informaci\u00f3n en la medida necesaria para permitirles realizar los servicios que nos proporcionan.<\/p><p>Sin embargo, ciertos proveedores de servicios de terceros, como las pasarelas de pago y otros procesadores de transacciones de pago, tienen sus propias pol\u00edticas de privacidad con respecto a la informaci\u00f3n que estamos obligados a proporcionarles para sus transacciones relacionadas con compras.<\/p><p>Para estos proveedores, recomendamos que lea sus pol\u00edticas de privacidad para que pueda entender la manera en que su informaci\u00f3n personal ser\u00e1 manejada por estos proveedores.<\/p><p>En particular, recuerde que ciertos proveedores pueden estar ubicados en o tener instalaciones que est\u00e1n ubicadas en una jurisdicci\u00f3n diferente a la suya o la nuestra. Por lo tanto, si decide proceder con una transacci\u00f3n que involucra los servicios de un proveedor de servicios de terceros, entonces su informaci\u00f3n puede quedar sujeta a las leyes de la(s) jurisdicci\u00f3n(es) en las que ese proveedor de servicios o sus instalaciones est\u00e1n ubicadas.<\/p><p>Como ejemplo, si usted est\u00e1 ubicado en Canad\u00e1 y su transacci\u00f3n es procesada por una pasarela de pago ubicada en los Estados Unidos, entonces su informaci\u00f3n personal utilizada en la finalizaci\u00f3n de esa transacci\u00f3n puede estar sujeta a divulgaci\u00f3n bajo la legislaci\u00f3n de los Estados Unidos, incluyendo el Acta Patriota.<\/p><p>Una vez que abandone el sitio web de nuestra tienda o sea redirigido a un sitio web o aplicaci\u00f3n de terceros, ya no estar\u00e1 regido por esta Pol\u00edtica de Privacidad ni por los T\u00e9rminos de Servicio de nuestro sitio web.<\/p><p><strong><em>Enlaces<\/em><\/strong><\/p><p>Cuando haga clic en enlaces en nuestra tienda, estos pueden dirigirlo fuera de nuestro sitio. No somos responsables de las pr\u00e1cticas de privacidad de otros sitios y le animamos a leer sus declaraciones de privacidad.<\/p><p><strong>SECCI\u00d3N 6 &#8211; SEGURIDAD<\/strong><\/p><p>Para proteger su informaci\u00f3n personal, tomamos precauciones razonables y seguimos las mejores pr\u00e1cticas de la industria para asegurarnos de que no se pierda, use incorrectamente, acceda, divulgue, altere o destruya inapropiadamente.<\/p><p>Si nos proporciona la informaci\u00f3n de su tarjeta de cr\u00e9dito, la informaci\u00f3n se cifra utilizando la tecnolog\u00eda de capa de sockets seguros (SSL) y se almacena con cifrado AES-256. Aunque ning\u00fan m\u00e9todo de transmisi\u00f3n por Internet o almacenamiento electr\u00f3nico es 100% seguro, seguimos todos los requisitos de PCI-DSS e implementamos est\u00e1ndares adicionales aceptados generalmente en la industria.<\/p><p><strong><em>COOKIES<\/em><\/strong><\/p><p>Aqu\u00ed est\u00e1 una lista de las cookies que utilizamos. Las enumeramos aqu\u00ed para que pueda elegir si desea optar por no usar cookies o no.<\/p><figure class=\"wp-block-table\"><table><thead><tr><th>NOMBRE DE LA COOKIE<\/th><th>DURACI\u00d3N<\/th><th>PROP\u00d3SITO<\/th><\/tr><\/thead><tbody><tr><td><code>woocommerce_cart_hash<\/code><\/td><td>sesi\u00f3n<\/td><td>Ayuda a WooCommerce a determinar cu\u00e1ndo cambian los contenidos\/datos del carrito de compras.<\/td><\/tr><tr><td><code>woocommerce_items_in_cart<\/code><\/td><td>sesi\u00f3n<\/td><td>Ayuda a WooCommerce a determinar cu\u00e1ndo cambian los contenidos\/datos del carrito de compras.<\/td><\/tr><tr><td><code>wp_woocommerce_session_<\/code><\/td><td>2 d\u00edas<\/td><td>Contiene un c\u00f3digo \u00fanico para cada cliente para que sepa d\u00f3nde encontrar los datos del carrito de compras en la base de datos para cada cliente.<\/td><\/tr><tr><td><code>woocommerce_recently_viewed<\/code><\/td><td>sesi\u00f3n<\/td><td>Alimenta el widget de <a href=\"https:\/\/docs.woocommerce.com\/document\/woocommerce-widgets\/\">Productos Vistos Recientemente<\/a>.<\/td><\/tr><tr><td><code>store_notice[notice id]<\/code><\/td><td>sesi\u00f3n<\/td><td>Permite a los clientes descartar el <a href=\"https:\/\/docs.woocommerce.com\/document\/woocommerce-customizer\/#section-2\">Aviso de la Tienda<\/a>. <\/td><\/tr><\/tbody><\/table><figcaption class=\"wp-element-caption\">COOKIES de la interfaz de WooCommerce<\/figcaption><\/figure><p><strong>SECCI\u00d3N 7 &#8211; EDAD DE CONSENTIMIENTO<\/strong><\/p><p>Al utilizar este sitio, usted declara que tiene al menos la mayor\u00eda de edad en su estado o provincia de residencia, o que tiene la mayor\u00eda de edad en su estado o provincia de residencia y nos ha dado su consentimiento para permitir que cualquiera de sus dependientes menores utilice este sitio.<\/p><p><strong>SECCI\u00d3N 8 &#8211; CAMBIOS EN ESTA POL\u00cdTICA DE PRIVACIDAD<\/strong><\/p><p>Nos reservamos el derecho de modificar esta pol\u00edtica de privacidad en cualquier momento, por lo que le pedimos que la revise frecuentemente. Los cambios y aclaraciones surtir\u00e1n efecto inmediatamente despu\u00e9s de su publicaci\u00f3n en el sitio web. Si hacemos cambios materiales en esta pol\u00edtica, le notificaremos aqu\u00ed que ha sido actualizada, para que est\u00e9 informado sobre qu\u00e9 informaci\u00f3n recopilamos, c\u00f3mo la utilizamos y bajo qu\u00e9 circunstancias, si las hay, la utilizamos y\/o divulgamos.<\/p><p>Si nuestra tienda es adquirida o fusionada con otra empresa, su informaci\u00f3n puede ser transferida a los nuevos propietarios para que podamos continuar vendi\u00e9ndole productos.<\/p><p><strong>PREGUNTAS E INFORMACI\u00d3N DE CONTACTO<\/strong><\/p><p>Si desea: acceder, corregir, enmendar o eliminar cualquier informaci\u00f3n personal que tengamos sobre usted, registrar una queja, o simplemente desea m\u00e1s informaci\u00f3n, contacte a nuestro Oficial de Cumplimiento de Privacidad en <a>krystalos@live.com<\/a> o por correo en<\/p><p>Krystalos Attn: Oficial de Cumplimiento de Privacidad 700 C\/ Piedras Negras #2304, San Juan, PR, 00926, Estados Unidos<\/p><p>","protected":false},"excerpt":{"rendered":"","protected":false},"author":1,"featured_media":0,"parent":0,"menu_order":0,"comment_status":"closed","ping_status":"open","template":"","meta":{"footnotes":""},"class_list":["post-3","page","type-page","status-publish","hentry"],"yoast_head":"<!-- This site is optimized with the Yoast SEO plugin v24.1 - https:\/\/yoast.com\/wordpress\/plugins\/seo\/ -->\n<title>Privacy Policy - Krystalos<\/title>\n<meta name=\"robots\" content=\"index, follow, max-snippet:-1, max-image-preview:large, max-video-preview:-1\" \/>\n<link rel=\"canonical\" href=\"https:\/\/e10958b03f.nxcli.io\/es\/privacy-policy\/\" \/>\n<meta property=\"og:locale\" content=\"es_ES\" \/>\n<meta property=\"og:type\" content=\"article\" \/>\n<meta property=\"og:title\" content=\"Privacy Policy - Krystalos\" \/>\n<meta property=\"og:url\" content=\"https:\/\/e10958b03f.nxcli.io\/es\/privacy-policy\/\" \/>\n<meta property=\"og:site_name\" content=\"Krystalos\" \/>\n<meta property=\"article:publisher\" content=\"https:\/\/www.facebook.com\/devozioni\/\" \/>\n<meta property=\"article:modified_time\" content=\"2024-04-27T18:43:45+00:00\" \/>\n<meta name=\"twitter:card\" content=\"summary_large_image\" \/>\n<meta name=\"twitter:site\" content=\"@krystalos\" \/>\n<meta name=\"twitter:label1\" content=\"Tiempo de lectura\" \/>\n\t<meta name=\"twitter:data1\" content=\"11 minutos\" \/>\n<script type=\"application\/ld+json\" class=\"yoast-schema-graph\">{\"@context\":\"https:\/\/schema.org\",\"@graph\":[{\"@type\":\"WebPage\",\"@id\":\"https:\/\/e10958b03f.nxcli.io\/privacy-policy\/\",\"url\":\"https:\/\/e10958b03f.nxcli.io\/privacy-policy\/\",\"name\":\"Privacy Policy - Krystalos\",\"isPartOf\":{\"@id\":\"https:\/\/e10958b03f.nxcli.io\/es\/#website\"},\"datePublished\":\"2023-08-28T18:34:14+00:00\",\"dateModified\":\"2024-04-27T18:43:45+00:00\",\"breadcrumb\":{\"@id\":\"https:\/\/e10958b03f.nxcli.io\/privacy-policy\/#breadcrumb\"},\"inLanguage\":\"es\",\"potentialAction\":[{\"@type\":\"ReadAction\",\"target\":[\"https:\/\/e10958b03f.nxcli.io\/privacy-policy\/\"]}]},{\"@type\":\"BreadcrumbList\",\"@id\":\"https:\/\/e10958b03f.nxcli.io\/privacy-policy\/#breadcrumb\",\"itemListElement\":[{\"@type\":\"ListItem\",\"position\":1,\"name\":\"Home\",\"item\":\"https:\/\/e10958b03f.nxcli.io\/\"},{\"@type\":\"ListItem\",\"position\":2,\"name\":\"Privacy Policy\"}]},{\"@type\":\"WebSite\",\"@id\":\"https:\/\/e10958b03f.nxcli.io\/es\/#website\",\"url\":\"https:\/\/e10958b03f.nxcli.io\/es\/\",\"name\":\"Krystalos\",\"description\":\"\",\"publisher\":{\"@id\":\"https:\/\/e10958b03f.nxcli.io\/es\/#organization\"},\"potentialAction\":[{\"@type\":\"SearchAction\",\"target\":{\"@type\":\"EntryPoint\",\"urlTemplate\":\"https:\/\/e10958b03f.nxcli.io\/es\/?s={search_term_string}\"},\"query-input\":{\"@type\":\"PropertyValueSpecification\",\"valueRequired\":true,\"valueName\":\"search_term_string\"}}],\"inLanguage\":\"es\"},{\"@type\":\"Organization\",\"@id\":\"https:\/\/e10958b03f.nxcli.io\/es\/#organization\",\"name\":\"Krystalos\",\"url\":\"https:\/\/e10958b03f.nxcli.io\/es\/\",\"logo\":{\"@type\":\"ImageObject\",\"inLanguage\":\"es\",\"@id\":\"https:\/\/e10958b03f.nxcli.io\/es\/#\/schema\/logo\/image\/\",\"url\":\"https:\/\/e10958b03f.nxcli.io\/wp-content\/uploads\/2023\/11\/Krystalos-Logo-NHF.png\",\"contentUrl\":\"https:\/\/e10958b03f.nxcli.io\/wp-content\/uploads\/2023\/11\/Krystalos-Logo-NHF.png\",\"width\":1060,\"height\":331,\"caption\":\"Krystalos\"},\"image\":{\"@id\":\"https:\/\/e10958b03f.nxcli.io\/es\/#\/schema\/logo\/image\/\"},\"sameAs\":[\"https:\/\/www.facebook.com\/devozioni\/\",\"https:\/\/x.com\/krystalos\",\"https:\/\/www.instagram.com\/devozioni\/\",\"https:\/\/www.catholicmarketing.com\/cvendor\/loc\/946464\/1\/devozioni-by-krystalos\",\"https:\/\/www.ewtnreligiouscatalogue.com\/Devozioni-by-Krystalos\",\"https:\/\/peterssquare.com\/shops\/devozioni-by-krystalos-store\/\",\"https:\/\/m.youtube.com\/watch?v=XNjuNNmO1To\",\"https:\/\/vimeo.com\/434198191\"]}]}<\/script>\n<!-- \/ Yoast SEO plugin. -->","yoast_head_json":{"title":"Privacy Policy - Krystalos","robots":{"index":"index","follow":"follow","max-snippet":"max-snippet:-1","max-image-preview":"max-image-preview:large","max-video-preview":"max-video-preview:-1"},"canonical":"https:\/\/e10958b03f.nxcli.io\/es\/privacy-policy\/","og_locale":"es_ES","og_type":"article","og_title":"Privacy Policy - Krystalos","og_url":"https:\/\/e10958b03f.nxcli.io\/es\/privacy-policy\/","og_site_name":"Krystalos","article_publisher":"https:\/\/www.facebook.com\/devozioni\/","article_modified_time":"2024-04-27T18:43:45+00:00","twitter_card":"summary_large_image","twitter_site":"@krystalos","twitter_misc":{"Tiempo de lectura":"11 minutos"},"schema":{"@context":"https:\/\/schema.org","@graph":[{"@type":"WebPage","@id":"https:\/\/e10958b03f.nxcli.io\/privacy-policy\/","url":"https:\/\/e10958b03f.nxcli.io\/privacy-policy\/","name":"Privacy Policy - Krystalos","isPartOf":{"@id":"https:\/\/e10958b03f.nxcli.io\/es\/#website"},"datePublished":"2023-08-28T18:34:14+00:00","dateModified":"2024-04-27T18:43:45+00:00","breadcrumb":{"@id":"https:\/\/e10958b03f.nxcli.io\/privacy-policy\/#breadcrumb"},"inLanguage":"es","potentialAction":[{"@type":"ReadAction","target":["https:\/\/e10958b03f.nxcli.io\/privacy-policy\/"]}]},{"@type":"BreadcrumbList","@id":"https:\/\/e10958b03f.nxcli.io\/privacy-policy\/#breadcrumb","itemListElement":[{"@type":"ListItem","position":1,"name":"Home","item":"https:\/\/e10958b03f.nxcli.io\/"},{"@type":"ListItem","position":2,"name":"Privacy Policy"}]},{"@type":"WebSite","@id":"https:\/\/e10958b03f.nxcli.io\/es\/#website","url":"https:\/\/e10958b03f.nxcli.io\/es\/","name":"Krystalos","description":"","publisher":{"@id":"https:\/\/e10958b03f.nxcli.io\/es\/#organization"},"potentialAction":[{"@type":"SearchAction","target":{"@type":"EntryPoint","urlTemplate":"https:\/\/e10958b03f.nxcli.io\/es\/?s={search_term_string}"},"query-input":{"@type":"PropertyValueSpecification","valueRequired":true,"valueName":"search_term_string"}}],"inLanguage":"es"},{"@type":"Organization","@id":"https:\/\/e10958b03f.nxcli.io\/es\/#organization","name":"Krystalos","url":"https:\/\/e10958b03f.nxcli.io\/es\/","logo":{"@type":"ImageObject","inLanguage":"es","@id":"https:\/\/e10958b03f.nxcli.io\/es\/#\/schema\/logo\/image\/","url":"https:\/\/e10958b03f.nxcli.io\/wp-content\/uploads\/2023\/11\/Krystalos-Logo-NHF.png","contentUrl":"https:\/\/e10958b03f.nxcli.io\/wp-content\/uploads\/2023\/11\/Krystalos-Logo-NHF.png","width":1060,"height":331,"caption":"Krystalos"},"image":{"@id":"https:\/\/e10958b03f.nxcli.io\/es\/#\/schema\/logo\/image\/"},"sameAs":["https:\/\/www.facebook.com\/devozioni\/","https:\/\/x.com\/krystalos","https:\/\/www.instagram.com\/devozioni\/","https:\/\/www.catholicmarketing.com\/cvendor\/loc\/946464\/1\/devozioni-by-krystalos","https:\/\/www.ewtnreligiouscatalogue.com\/Devozioni-by-Krystalos","https:\/\/peterssquare.com\/shops\/devozioni-by-krystalos-store\/","https:\/\/m.youtube.com\/watch?v=XNjuNNmO1To","https:\/\/vimeo.com\/434198191"]}]}},"jetpack_sharing_enabled":true,"_links":{"self":[{"href":"https:\/\/e10958b03f.nxcli.io\/es\/wp-json\/wp\/v2\/pages\/3","targetHints":{"allow":["GET"]}}],"collection":[{"href":"https:\/\/e10958b03f.nxcli.io\/es\/wp-json\/wp\/v2\/pages"}],"about":[{"href":"https:\/\/e10958b03f.nxcli.io\/es\/wp-json\/wp\/v2\/types\/page"}],"author":[{"embeddable":true,"href":"https:\/\/e10958b03f.nxcli.io\/es\/wp-json\/wp\/v2\/users\/1"}],"replies":[{"embeddable":true,"href":"https:\/\/e10958b03f.nxcli.io\/es\/wp-json\/wp\/v2\/comments?post=3"}],"version-history":[{"count":4,"href":"https:\/\/e10958b03f.nxcli.io\/es\/wp-json\/wp\/v2\/pages\/3\/revisions"}],"predecessor-version":[{"id":632,"href":"https:\/\/e10958b03f.nxcli.io\/es\/wp-json\/wp\/v2\/pages\/3\/revisions\/632"}],"wp:attachment":[{"href":"https:\/\/e10958b03f.nxcli.io\/es\/wp-json\/wp\/v2\/media?parent=3"}],"curies":[{"name":"wp","href":"https:\/\/api.w.org\/{rel}","templated":true}]}}