{"id":276,"date":"2023-10-12T05:41:51","date_gmt":"2023-10-12T09:41:51","guid":{"rendered":"https:\/\/e10958b03f.nxcli.io\/?page_id=276"},"modified":"2023-11-21T08:02:32","modified_gmt":"2023-11-21T13:02:32","slug":"about-us","status":"publish","type":"page","link":"https:\/\/e10958b03f.nxcli.io\/es\/about-us\/","title":{"rendered":"Nosotros"},"content":{"rendered":"<div class=\"wp-block-media-text has-media-on-the-right is-stacked-on-mobile\" style=\"grid-template-columns:auto 37%\"><div class=\"wp-block-media-text__content\"><style>.wp-block-kadence-advancedheading.kt-adv-heading276_ff97fe-5a, .wp-block-kadence-advancedheading.kt-adv-heading276_ff97fe-5a[data-kb-block=\"kb-adv-heading276_ff97fe-5a\"]{font-style:normal;}.wp-block-kadence-advancedheading.kt-adv-heading276_ff97fe-5a mark.kt-highlight, .wp-block-kadence-advancedheading.kt-adv-heading276_ff97fe-5a[data-kb-block=\"kb-adv-heading276_ff97fe-5a\"] mark.kt-highlight{font-style:normal;color:#f76a0c;-webkit-box-decoration-break:clone;box-decoration-break:clone;padding-top:0px;padding-right:0px;padding-bottom:0px;padding-left:0px;}<\/style>\n<h2 class=\"kt-adv-heading276_ff97fe-5a wp-block-kadence-advancedheading\" data-kb-block=\"kb-adv-heading276_ff97fe-5a\">Siempre a la Moda<\/h2>\n\n<hr class=\"wp-block-separator has-text-color has-pale-pink-color has-alpha-channel-opacity has-pale-pink-background-color has-background\" style=\"width:50px;text-align:left\" \/>\n\n<p class=\"has-small-font-size\">Krystalos ofrece piezas de joyer\u00eda que marcan la tendencia a trav\u00e9s de las diferentes colecciones. Cada pieza pasa por un proceso de esmaltado para extender su durabilidad.&nbsp;<\/p>\n\n<p class=\"has-small-font-size\">Algo que fascina a las personas que prefieren a Krystalos son los cristales y piedras semi-preciosas que incluimos en los dise\u00f1os. Adem\u00e1s de la elegancia, estar\u00e1s comprando piezas de conversaci\u00f3n. Joyas de pasarela para tu uso diario. Lo que adquieras en Krystalos, no lo ver\u00e1s en ning\u00fan otro lugar.<\/p><\/div><figure class=\"wp-block-media-text__media\"><img fetchpriority=\"high\" decoding=\"async\" width=\"445\" height=\"450\" src=\"https:\/\/e10958b03f.nxcli.io\/wp-content\/uploads\/2023\/10\/about-1.webp\" alt=\"\" class=\"wp-image-316 size-full\" srcset=\"https:\/\/e10958b03f.nxcli.io\/wp-content\/uploads\/2023\/10\/about-1.webp 445w, https:\/\/e10958b03f.nxcli.io\/wp-content\/uploads\/2023\/10\/about-1-297x300.webp 297w, https:\/\/e10958b03f.nxcli.io\/wp-content\/uploads\/2023\/10\/about-1-200x202.webp 200w, https:\/\/e10958b03f.nxcli.io\/wp-content\/uploads\/2023\/10\/about-1-100x100.webp 100w\" sizes=\"(max-width: 445px) 100vw, 445px\" \/><\/figure><\/div><div class=\"wp-block-media-text is-stacked-on-mobile\" style=\"grid-template-columns:38% auto\"><figure class=\"wp-block-media-text__media\"><img decoding=\"async\" width=\"445\" height=\"450\" src=\"https:\/\/e10958b03f.nxcli.io\/wp-content\/uploads\/2023\/10\/about-3.webp\" alt=\"\" class=\"wp-image-318 size-full\" srcset=\"https:\/\/e10958b03f.nxcli.io\/wp-content\/uploads\/2023\/10\/about-3.webp 445w, https:\/\/e10958b03f.nxcli.io\/wp-content\/uploads\/2023\/10\/about-3-297x300.webp 297w, https:\/\/e10958b03f.nxcli.io\/wp-content\/uploads\/2023\/10\/about-3-200x202.webp 200w, https:\/\/e10958b03f.nxcli.io\/wp-content\/uploads\/2023\/10\/about-3-100x100.webp 100w\" sizes=\"(max-width: 445px) 100vw, 445px\" \/><\/figure><div class=\"wp-block-media-text__content\"><style>.wp-block-kadence-advancedheading.kt-adv-heading276_436545-da, .wp-block-kadence-advancedheading.kt-adv-heading276_436545-da[data-kb-block=\"kb-adv-heading276_436545-da\"]{font-style:normal;}.wp-block-kadence-advancedheading.kt-adv-heading276_436545-da mark.kt-highlight, .wp-block-kadence-advancedheading.kt-adv-heading276_436545-da[data-kb-block=\"kb-adv-heading276_436545-da\"] mark.kt-highlight{font-style:normal;color:#f76a0c;-webkit-box-decoration-break:clone;box-decoration-break:clone;padding-top:0px;padding-right:0px;padding-bottom:0px;padding-left:0px;}<\/style>\n<h2 class=\"kt-adv-heading276_436545-da wp-block-kadence-advancedheading\" data-kb-block=\"kb-adv-heading276_436545-da\">Hacemos realidad tu sue\u00f1o de lucir espectacular<\/h2>\n\n<hr class=\"wp-block-separator has-text-color has-pale-pink-color has-alpha-channel-opacity has-pale-pink-background-color has-background\" style=\"width:50px;text-align:left\" \/>\n\n<p class=\"has-small-font-size\">Queremos que nuestras piezas destaquen qui\u00e9n eres. Por eso nuestra variedad incluye desde piezas coloridas y alegres, hasta piezas en tonos neutrales que reflejan m\u00e1s formalidad. \u00a1Hasta tenemos piezas con inspiraci\u00f3n devocional! En nuestra boutique virtual podr\u00e1s encontrar el estilo que m\u00e1s se adapte a t\u00ed. Porque aunque no lo creas, es tu piel la que le pondr\u00e1 a\u00fan m\u00e1s magia a nuestra marca.<\/p><\/div><\/div><style>.wp-block-kadence-advancedheading.kt-adv-heading276_18ccff-7c, .wp-block-kadence-advancedheading.kt-adv-heading276_18ccff-7c[data-kb-block=\"kb-adv-heading276_18ccff-7c\"]{text-align:center;font-style:normal;}.wp-block-kadence-advancedheading.kt-adv-heading276_18ccff-7c mark.kt-highlight, .wp-block-kadence-advancedheading.kt-adv-heading276_18ccff-7c[data-kb-block=\"kb-adv-heading276_18ccff-7c\"] mark.kt-highlight{font-style:normal;color:#f76a0c;-webkit-box-decoration-break:clone;box-decoration-break:clone;padding-top:0px;padding-right:0px;padding-bottom:0px;padding-left:0px;}<\/style>\n<h2 class=\"kt-adv-heading276_18ccff-7c wp-block-kadence-advancedheading\" data-kb-block=\"kb-adv-heading276_18ccff-7c\">Exclusividad, Buen Precio y Fabricaci\u00f3n \u00c9tica<\/h2><center><hr class=\"wp-block-separator has-text-color has-pale-pink-color has-alpha-channel-opacity has-pale-pink-background-color has-background\" style=\"width:50px;text-align:center\" \/><\/center><p class=\"has-text-align-center has-small-font-size\">En Krystalos queremos crear piezas \u00fanicas que no s\u00f3lo admires en fotos, sino que tambi\u00e9n las puedas adquirir. As\u00ed es que trabajamos teniendo muy presente que la moda debe andar de la mano con la realidad econ\u00f3mica del mundo de hoy.<\/p><p class=\"has-text-align-center has-small-font-size\">A su vez, comprendemos que el exceso de enfoque en lo barato afecta seriamente la calidad de los productos, as\u00ed como las oportunidades de empleo digno y crecimiento profesional de la clase laboral de nuestro pa\u00eds. Es por eso que no dejamos atr\u00e1s el aspecto de fabricaci\u00f3n \u00c9TICA de nuestros productos. Nuestras piezas son creadas en condiciones ocupacionales apropiadas y dignas, y con remuneraci\u00f3n justa por su labor.<\/p><p class=\"has-text-align-center has-small-font-size\">En fin, en Krystalos, tenemos dise\u00f1os que combinan precios justos, calidad y \u00e9tica profesional.<\/p><div class=\"wp-block-media-text has-media-on-the-right is-stacked-on-mobile is-vertically-aligned-center\" style=\"grid-template-columns:auto 38%\"><div class=\"wp-block-media-text__content\"><style>.wp-block-kadence-advancedheading.kt-adv-heading276_b09e8b-0a, .wp-block-kadence-advancedheading.kt-adv-heading276_b09e8b-0a[data-kb-block=\"kb-adv-heading276_b09e8b-0a\"]{font-style:normal;}.wp-block-kadence-advancedheading.kt-adv-heading276_b09e8b-0a mark.kt-highlight, .wp-block-kadence-advancedheading.kt-adv-heading276_b09e8b-0a[data-kb-block=\"kb-adv-heading276_b09e8b-0a\"] mark.kt-highlight{font-style:normal;color:#f76a0c;-webkit-box-decoration-break:clone;box-decoration-break:clone;padding-top:0px;padding-right:0px;padding-bottom:0px;padding-left:0px;}<\/style>\n<h2 class=\"kt-adv-heading276_b09e8b-0a wp-block-kadence-advancedheading\" data-kb-block=\"kb-adv-heading276_b09e8b-0a\">Compras virtuales seguras y f\u00e1ciles<\/h2>\n\n<hr class=\"wp-block-separator has-text-color has-pale-pink-color has-alpha-channel-opacity has-pale-pink-background-color has-background\" style=\"width:50px;text-align:left\" \/>\n\n<p class=\"has-small-font-size\">Sin salir de casa, podr\u00e1s comprar cada uno de nuestros dise\u00f1os. Todos nuestros env\u00edos se hacen de manera r\u00e1pida y segura. Nuestros paquetes incluyen n\u00famero de rastreo para que puedas saber en todo momento la localizaci\u00f3n de tu paquete. Hacemos env\u00edos a todo Puerto Rico y Estados Unidos, as\u00ed como para destinos internacionales.<\/p>\n\n<p class=\"has-small-font-size\">Si tienes dudas sobre qu\u00e9 accesorios comprar para tu ajuar, con gusto te podemos brindar la asesor\u00eda que necesitas para irte a la segura con tu compra. Por eso, multitud de celebridades y reinas de belleza han confiado en Krystalos a trav\u00e9s de los a\u00f1os. Porque no nos limitamos a un buen producto\u2026 tambi\u00e9n nos distinguimos por ofrecer un servicio personalizado. Es como tener un dise\u00f1ador de accesorios en tu propia casa.<\/p><\/div><figure class=\"wp-block-media-text__media\"><img decoding=\"async\" width=\"445\" height=\"450\" src=\"https:\/\/e10958b03f.nxcli.io\/wp-content\/uploads\/2023\/10\/about-2.webp\" alt=\"\" class=\"wp-image-319 size-full\" srcset=\"https:\/\/e10958b03f.nxcli.io\/wp-content\/uploads\/2023\/10\/about-2.webp 445w, https:\/\/e10958b03f.nxcli.io\/wp-content\/uploads\/2023\/10\/about-2-297x300.webp 297w, https:\/\/e10958b03f.nxcli.io\/wp-content\/uploads\/2023\/10\/about-2-200x202.webp 200w, https:\/\/e10958b03f.nxcli.io\/wp-content\/uploads\/2023\/10\/about-2-100x100.webp 100w\" sizes=\"(max-width: 445px) 100vw, 445px\" \/><\/figure><\/div><div class=\"wp-block-media-text is-stacked-on-mobile is-vertically-aligned-center\" style=\"grid-template-columns:35% auto\"><figure class=\"wp-block-media-text__media\"><img loading=\"lazy\" decoding=\"async\" width=\"445\" height=\"450\" src=\"https:\/\/e10958b03f.nxcli.io\/wp-content\/uploads\/2023\/10\/about-5.webp\" alt=\"\" class=\"wp-image-320 size-full\" srcset=\"https:\/\/e10958b03f.nxcli.io\/wp-content\/uploads\/2023\/10\/about-5.webp 445w, https:\/\/e10958b03f.nxcli.io\/wp-content\/uploads\/2023\/10\/about-5-297x300.webp 297w, https:\/\/e10958b03f.nxcli.io\/wp-content\/uploads\/2023\/10\/about-5-200x202.webp 200w, https:\/\/e10958b03f.nxcli.io\/wp-content\/uploads\/2023\/10\/about-5-100x100.webp 100w\" sizes=\"(max-width: 445px) 100vw, 445px\" \/><\/figure><div class=\"wp-block-media-text__content\"><style>.wp-block-kadence-advancedheading.kt-adv-heading276_9b0930-3d, .wp-block-kadence-advancedheading.kt-adv-heading276_9b0930-3d[data-kb-block=\"kb-adv-heading276_9b0930-3d\"]{font-style:normal;}.wp-block-kadence-advancedheading.kt-adv-heading276_9b0930-3d mark.kt-highlight, .wp-block-kadence-advancedheading.kt-adv-heading276_9b0930-3d[data-kb-block=\"kb-adv-heading276_9b0930-3d\"] mark.kt-highlight{font-style:normal;color:#f76a0c;-webkit-box-decoration-break:clone;box-decoration-break:clone;padding-top:0px;padding-right:0px;padding-bottom:0px;padding-left:0px;}<\/style>\n<h2 class=\"kt-adv-heading276_9b0930-3d wp-block-kadence-advancedheading\" data-kb-block=\"kb-adv-heading276_9b0930-3d\">Descubre a tu nueva boutique favorita<\/h2>\n\n<hr class=\"wp-block-separator has-text-color has-pale-pink-color has-alpha-channel-opacity has-pale-pink-background-color has-background\" style=\"width:50px;text-align:left\" \/>\n\n<p>Los accesorios hacen que tu ajuar luzca completamente diferente cada d\u00eda. Pero s\u00f3lo un accesorio que combine perfectamente el factor de impacto con la elegancia podr\u00e1 convertir hasta el vestido m\u00e1s sencillo en un ajuar que todos tendr\u00e1n que voltear a mirar. \u00a1Y qu\u00e9 mejor que un accesorio as\u00ed cuando te levantas en la ma\u00f1ana y quieres un look espectacular, pero que sea f\u00e1cil y r\u00e1pido de crear! Nuestras piezas tienen un estilo tal, que sentir\u00e1s que te visten por s\u00ed solas.<\/p>\n\n<p>Hay chicas que semanalmente nos compran nuevos dise\u00f1os. Otras nos consideran la boutique ideal hasta para hacer regalos, gracias a la versatilidad y variedad de estilos que ofrecemos. Por ellas y por ti, trabajamos arduamente. Queremos que sientas que Krystalos es como tu dise\u00f1ador de accesorios privado, que est\u00e1 para ti siempre que necesites un look simplemente envidiable.<\/p><\/div><\/div>","protected":false},"excerpt":{"rendered":"<p>Exclusivity, Good Price and Ethical Manufacturing At Krystalos we want to create unique pieces that you not only admire in photos but that you can also acquire. So we work keeping in mind that fashion must go hand in hand with the economic reality of today&#8217;s world. At the same time, we understand that the [&hellip;]<\/p>","protected":false},"author":1,"featured_media":0,"parent":0,"menu_order":0,"comment_status":"closed","ping_status":"closed","template":"","meta":{"footnotes":""},"class_list":["post-276","page","type-page","status-publish","hentry"],"yoast_head":"<!-- This site is optimized with the Yoast SEO plugin v24.1 - https:\/\/yoast.com\/wordpress\/plugins\/seo\/ -->\n<title>About Us - Krystalos<\/title>\n<meta name=\"robots\" content=\"index, follow, max-snippet:-1, max-image-preview:large, max-video-preview:-1\" \/>\n<link rel=\"canonical\" href=\"http:\/\/e10958b03f.nxcli.io\/es\/about-us\/\" \/>\n<meta property=\"og:locale\" content=\"es_ES\" \/>\n<meta property=\"og:type\" content=\"article\" \/>\n<meta property=\"og:title\" content=\"About Us - Krystalos\" \/>\n<meta property=\"og:description\" content=\"Exclusivity, Good Price and Ethical Manufacturing At Krystalos we want to create unique pieces that you not only admire in photos but that you can also acquire. So we work keeping in mind that fashion must go hand in hand with the economic reality of today&#8217;s world. At the same time, we understand that the [&hellip;]\" \/>\n<meta property=\"og:url\" content=\"http:\/\/e10958b03f.nxcli.io\/es\/about-us\/\" \/>\n<meta property=\"og:site_name\" content=\"Krystalos\" \/>\n<meta property=\"article:publisher\" content=\"https:\/\/www.facebook.com\/devozioni\/\" \/>\n<meta property=\"article:modified_time\" content=\"2023-11-21T13:02:32+00:00\" \/>\n<meta property=\"og:image\" content=\"https:\/\/e10958b03f.nxcli.io\/wp-content\/uploads\/2023\/10\/about-1.webp\" \/>\n<meta name=\"twitter:card\" content=\"summary_large_image\" \/>\n<meta name=\"twitter:site\" content=\"@krystalos\" \/>\n<meta name=\"twitter:label1\" content=\"Tiempo de lectura\" \/>\n\t<meta name=\"twitter:data1\" content=\"4 minutos\" \/>\n<script type=\"application\/ld+json\" class=\"yoast-schema-graph\">{\"@context\":\"https:\/\/schema.org\",\"@graph\":[{\"@type\":\"WebPage\",\"@id\":\"http:\/\/e10958b03f.nxcli.io\/en\/about-us\/\",\"url\":\"http:\/\/e10958b03f.nxcli.io\/en\/about-us\/\",\"name\":\"About Us - Krystalos\",\"isPartOf\":{\"@id\":\"https:\/\/e10958b03f.nxcli.io\/es\/#website\"},\"primaryImageOfPage\":{\"@id\":\"http:\/\/e10958b03f.nxcli.io\/en\/about-us\/#primaryimage\"},\"image\":{\"@id\":\"http:\/\/e10958b03f.nxcli.io\/en\/about-us\/#primaryimage\"},\"thumbnailUrl\":\"https:\/\/e10958b03f.nxcli.io\/wp-content\/uploads\/2023\/10\/about-1.webp\",\"datePublished\":\"2023-10-12T09:41:51+00:00\",\"dateModified\":\"2023-11-21T13:02:32+00:00\",\"breadcrumb\":{\"@id\":\"http:\/\/e10958b03f.nxcli.io\/en\/about-us\/#breadcrumb\"},\"inLanguage\":\"es\",\"potentialAction\":[{\"@type\":\"ReadAction\",\"target\":[\"http:\/\/e10958b03f.nxcli.io\/en\/about-us\/\"]}]},{\"@type\":\"ImageObject\",\"inLanguage\":\"es\",\"@id\":\"http:\/\/e10958b03f.nxcli.io\/en\/about-us\/#primaryimage\",\"url\":\"https:\/\/e10958b03f.nxcli.io\/wp-content\/uploads\/2023\/10\/about-1.webp\",\"contentUrl\":\"https:\/\/e10958b03f.nxcli.io\/wp-content\/uploads\/2023\/10\/about-1.webp\"},{\"@type\":\"BreadcrumbList\",\"@id\":\"http:\/\/e10958b03f.nxcli.io\/en\/about-us\/#breadcrumb\",\"itemListElement\":[{\"@type\":\"ListItem\",\"position\":1,\"name\":\"Home\",\"item\":\"https:\/\/e10958b03f.nxcli.io\/\"},{\"@type\":\"ListItem\",\"position\":2,\"name\":\"About Us\"}]},{\"@type\":\"WebSite\",\"@id\":\"https:\/\/e10958b03f.nxcli.io\/es\/#website\",\"url\":\"https:\/\/e10958b03f.nxcli.io\/es\/\",\"name\":\"Krystalos\",\"description\":\"\",\"publisher\":{\"@id\":\"https:\/\/e10958b03f.nxcli.io\/es\/#organization\"},\"potentialAction\":[{\"@type\":\"SearchAction\",\"target\":{\"@type\":\"EntryPoint\",\"urlTemplate\":\"https:\/\/e10958b03f.nxcli.io\/es\/?s={search_term_string}\"},\"query-input\":{\"@type\":\"PropertyValueSpecification\",\"valueRequired\":true,\"valueName\":\"search_term_string\"}}],\"inLanguage\":\"es\"},{\"@type\":\"Organization\",\"@id\":\"https:\/\/e10958b03f.nxcli.io\/es\/#organization\",\"name\":\"Krystalos\",\"url\":\"https:\/\/e10958b03f.nxcli.io\/es\/\",\"logo\":{\"@type\":\"ImageObject\",\"inLanguage\":\"es\",\"@id\":\"https:\/\/e10958b03f.nxcli.io\/es\/#\/schema\/logo\/image\/\",\"url\":\"https:\/\/e10958b03f.nxcli.io\/wp-content\/uploads\/2023\/11\/Krystalos-Logo-NHF.png\",\"contentUrl\":\"https:\/\/e10958b03f.nxcli.io\/wp-content\/uploads\/2023\/11\/Krystalos-Logo-NHF.png\",\"width\":1060,\"height\":331,\"caption\":\"Krystalos\"},\"image\":{\"@id\":\"https:\/\/e10958b03f.nxcli.io\/es\/#\/schema\/logo\/image\/\"},\"sameAs\":[\"https:\/\/www.facebook.com\/devozioni\/\",\"https:\/\/x.com\/krystalos\",\"https:\/\/www.instagram.com\/devozioni\/\",\"https:\/\/www.catholicmarketing.com\/cvendor\/loc\/946464\/1\/devozioni-by-krystalos\",\"https:\/\/www.ewtnreligiouscatalogue.com\/Devozioni-by-Krystalos\",\"https:\/\/peterssquare.com\/shops\/devozioni-by-krystalos-store\/\",\"https:\/\/m.youtube.com\/watch?v=XNjuNNmO1To\",\"https:\/\/vimeo.com\/434198191\"]}]}<\/script>\n<!-- \/ Yoast SEO plugin. -->","yoast_head_json":{"title":"About Us - Krystalos","robots":{"index":"index","follow":"follow","max-snippet":"max-snippet:-1","max-image-preview":"max-image-preview:large","max-video-preview":"max-video-preview:-1"},"canonical":"http:\/\/e10958b03f.nxcli.io\/es\/about-us\/","og_locale":"es_ES","og_type":"article","og_title":"About Us - Krystalos","og_description":"Exclusivity, Good Price and Ethical Manufacturing At Krystalos we want to create unique pieces that you not only admire in photos but that you can also acquire. So we work keeping in mind that fashion must go hand in hand with the economic reality of today&#8217;s world. At the same time, we understand that the [&hellip;]","og_url":"http:\/\/e10958b03f.nxcli.io\/es\/about-us\/","og_site_name":"Krystalos","article_publisher":"https:\/\/www.facebook.com\/devozioni\/","article_modified_time":"2023-11-21T13:02:32+00:00","og_image":[{"url":"https:\/\/e10958b03f.nxcli.io\/wp-content\/uploads\/2023\/10\/about-1.webp","type":"","width":"","height":""}],"twitter_card":"summary_large_image","twitter_site":"@krystalos","twitter_misc":{"Tiempo de lectura":"4 minutos"},"schema":{"@context":"https:\/\/schema.org","@graph":[{"@type":"WebPage","@id":"http:\/\/e10958b03f.nxcli.io\/en\/about-us\/","url":"http:\/\/e10958b03f.nxcli.io\/en\/about-us\/","name":"About Us - Krystalos","isPartOf":{"@id":"https:\/\/e10958b03f.nxcli.io\/es\/#website"},"primaryImageOfPage":{"@id":"http:\/\/e10958b03f.nxcli.io\/en\/about-us\/#primaryimage"},"image":{"@id":"http:\/\/e10958b03f.nxcli.io\/en\/about-us\/#primaryimage"},"thumbnailUrl":"https:\/\/e10958b03f.nxcli.io\/wp-content\/uploads\/2023\/10\/about-1.webp","datePublished":"2023-10-12T09:41:51+00:00","dateModified":"2023-11-21T13:02:32+00:00","breadcrumb":{"@id":"http:\/\/e10958b03f.nxcli.io\/en\/about-us\/#breadcrumb"},"inLanguage":"es","potentialAction":[{"@type":"ReadAction","target":["http:\/\/e10958b03f.nxcli.io\/en\/about-us\/"]}]},{"@type":"ImageObject","inLanguage":"es","@id":"http:\/\/e10958b03f.nxcli.io\/en\/about-us\/#primaryimage","url":"https:\/\/e10958b03f.nxcli.io\/wp-content\/uploads\/2023\/10\/about-1.webp","contentUrl":"https:\/\/e10958b03f.nxcli.io\/wp-content\/uploads\/2023\/10\/about-1.webp"},{"@type":"BreadcrumbList","@id":"http:\/\/e10958b03f.nxcli.io\/en\/about-us\/#breadcrumb","itemListElement":[{"@type":"ListItem","position":1,"name":"Home","item":"https:\/\/e10958b03f.nxcli.io\/"},{"@type":"ListItem","position":2,"name":"About Us"}]},{"@type":"WebSite","@id":"https:\/\/e10958b03f.nxcli.io\/es\/#website","url":"https:\/\/e10958b03f.nxcli.io\/es\/","name":"Krystalos","description":"","publisher":{"@id":"https:\/\/e10958b03f.nxcli.io\/es\/#organization"},"potentialAction":[{"@type":"SearchAction","target":{"@type":"EntryPoint","urlTemplate":"https:\/\/e10958b03f.nxcli.io\/es\/?s={search_term_string}"},"query-input":{"@type":"PropertyValueSpecification","valueRequired":true,"valueName":"search_term_string"}}],"inLanguage":"es"},{"@type":"Organization","@id":"https:\/\/e10958b03f.nxcli.io\/es\/#organization","name":"Krystalos","url":"https:\/\/e10958b03f.nxcli.io\/es\/","logo":{"@type":"ImageObject","inLanguage":"es","@id":"https:\/\/e10958b03f.nxcli.io\/es\/#\/schema\/logo\/image\/","url":"https:\/\/e10958b03f.nxcli.io\/wp-content\/uploads\/2023\/11\/Krystalos-Logo-NHF.png","contentUrl":"https:\/\/e10958b03f.nxcli.io\/wp-content\/uploads\/2023\/11\/Krystalos-Logo-NHF.png","width":1060,"height":331,"caption":"Krystalos"},"image":{"@id":"https:\/\/e10958b03f.nxcli.io\/es\/#\/schema\/logo\/image\/"},"sameAs":["https:\/\/www.facebook.com\/devozioni\/","https:\/\/x.com\/krystalos","https:\/\/www.instagram.com\/devozioni\/","https:\/\/www.catholicmarketing.com\/cvendor\/loc\/946464\/1\/devozioni-by-krystalos","https:\/\/www.ewtnreligiouscatalogue.com\/Devozioni-by-Krystalos","https:\/\/peterssquare.com\/shops\/devozioni-by-krystalos-store\/","https:\/\/m.youtube.com\/watch?v=XNjuNNmO1To","https:\/\/vimeo.com\/434198191"]}]}},"jetpack_sharing_enabled":true,"_links":{"self":[{"href":"https:\/\/e10958b03f.nxcli.io\/es\/wp-json\/wp\/v2\/pages\/276","targetHints":{"allow":["GET"]}}],"collection":[{"href":"https:\/\/e10958b03f.nxcli.io\/es\/wp-json\/wp\/v2\/pages"}],"about":[{"href":"https:\/\/e10958b03f.nxcli.io\/es\/wp-json\/wp\/v2\/types\/page"}],"author":[{"embeddable":true,"href":"https:\/\/e10958b03f.nxcli.io\/es\/wp-json\/wp\/v2\/users\/1"}],"replies":[{"embeddable":true,"href":"https:\/\/e10958b03f.nxcli.io\/es\/wp-json\/wp\/v2\/comments?post=276"}],"version-history":[{"count":8,"href":"https:\/\/e10958b03f.nxcli.io\/es\/wp-json\/wp\/v2\/pages\/276\/revisions"}],"predecessor-version":[{"id":581,"href":"https:\/\/e10958b03f.nxcli.io\/es\/wp-json\/wp\/v2\/pages\/276\/revisions\/581"}],"wp:attachment":[{"href":"https:\/\/e10958b03f.nxcli.io\/es\/wp-json\/wp\/v2\/media?parent=276"}],"curies":[{"name":"wp","href":"https:\/\/api.w.org\/{rel}","templated":true}]}}